{"id":15,"date":"2023-06-16T09:34:44","date_gmt":"2023-06-16T09:34:44","guid":{"rendered":"http:\/\/localhost\/SERVILUNA\/wordpress\/?page_id=15"},"modified":"2023-07-05T10:39:51","modified_gmt":"2023-07-05T10:39:51","slug":"sustitucion-de-lunas","status":"publish","type":"page","link":"https:\/\/serviluna.com\/index.php\/sustitucion-de-lunas\/","title":{"rendered":"SUSTITUCION DE LUNAS"},"content":{"rendered":"\t\t<div data-elementor-type=\"wp-page\" data-elementor-id=\"15\" class=\"elementor elementor-15\" data-elementor-post-type=\"page\">\n\t\t\t\t\t\t<section class=\"elementor-section elementor-top-section elementor-element elementor-element-76f7138 elementor-section-boxed elementor-section-height-default elementor-section-height-default\" data-id=\"76f7138\" data-element_type=\"section\" data-settings=\"{&quot;background_background&quot;:&quot;classic&quot;}\">\n\t\t\t\t\t\t<div class=\"elementor-container elementor-column-gap-default\">\n\t\t\t\t\t<div class=\"elementor-column elementor-col-100 elementor-top-column elementor-element elementor-element-17395e0\" data-id=\"17395e0\" data-element_type=\"column\">\n\t\t\t<div class=\"elementor-widget-wrap elementor-element-populated\">\n\t\t\t\t\t\t<div class=\"elementor-element elementor-element-67e42be elementor-widget elementor-widget-heading\" data-id=\"67e42be\" data-element_type=\"widget\" data-widget_type=\"heading.default\">\n\t\t\t\t<div class=\"elementor-widget-container\">\n\t\t\t<style>\/*! elementor - v3.22.0 - 26-06-2024 *\/\n.elementor-heading-title{padding:0;margin:0;line-height:1}.elementor-widget-heading .elementor-heading-title[class*=elementor-size-]>a{color:inherit;font-size:inherit;line-height:inherit}.elementor-widget-heading .elementor-heading-title.elementor-size-small{font-size:15px}.elementor-widget-heading .elementor-heading-title.elementor-size-medium{font-size:19px}.elementor-widget-heading .elementor-heading-title.elementor-size-large{font-size:29px}.elementor-widget-heading .elementor-heading-title.elementor-size-xl{font-size:39px}.elementor-widget-heading .elementor-heading-title.elementor-size-xxl{font-size:59px}<\/style><h2 class=\"elementor-heading-title elementor-size-large\">Sustituci\u00f3n de lunas<\/h2>\t\t<\/div>\n\t\t\t\t<\/div>\n\t\t\t\t\t<\/div>\n\t\t<\/div>\n\t\t\t\t\t<\/div>\n\t\t<\/section>\n\t\t\t\t<section class=\"elementor-section elementor-top-section elementor-element elementor-element-a4c3d7d elementor-section-boxed elementor-section-height-default elementor-section-height-default\" data-id=\"a4c3d7d\" data-element_type=\"section\" data-settings=\"{&quot;background_background&quot;:&quot;classic&quot;}\">\n\t\t\t\t\t\t<div class=\"elementor-container elementor-column-gap-default\">\n\t\t\t\t\t<div class=\"elementor-column elementor-col-100 elementor-top-column elementor-element elementor-element-b496bac\" data-id=\"b496bac\" data-element_type=\"column\">\n\t\t\t<div class=\"elementor-widget-wrap elementor-element-populated\">\n\t\t\t\t\t\t<div class=\"elementor-element elementor-element-fe2a79e elementor-widget elementor-widget-spacer\" data-id=\"fe2a79e\" data-element_type=\"widget\" data-widget_type=\"spacer.default\">\n\t\t\t\t<div class=\"elementor-widget-container\">\n\t\t\t<style>\/*! elementor - v3.22.0 - 26-06-2024 *\/\n.elementor-column .elementor-spacer-inner{height:var(--spacer-size)}.e-con{--container-widget-width:100%}.e-con-inner>.elementor-widget-spacer,.e-con>.elementor-widget-spacer{width:var(--container-widget-width,var(--spacer-size));--align-self:var(--container-widget-align-self,initial);--flex-shrink:0}.e-con-inner>.elementor-widget-spacer>.elementor-widget-container,.e-con>.elementor-widget-spacer>.elementor-widget-container{height:100%;width:100%}.e-con-inner>.elementor-widget-spacer>.elementor-widget-container>.elementor-spacer,.e-con>.elementor-widget-spacer>.elementor-widget-container>.elementor-spacer{height:100%}.e-con-inner>.elementor-widget-spacer>.elementor-widget-container>.elementor-spacer>.elementor-spacer-inner,.e-con>.elementor-widget-spacer>.elementor-widget-container>.elementor-spacer>.elementor-spacer-inner{height:var(--container-widget-height,var(--spacer-size))}.e-con-inner>.elementor-widget-spacer.elementor-widget-empty,.e-con>.elementor-widget-spacer.elementor-widget-empty{position:relative;min-height:22px;min-width:22px}.e-con-inner>.elementor-widget-spacer.elementor-widget-empty .elementor-widget-empty-icon,.e-con>.elementor-widget-spacer.elementor-widget-empty .elementor-widget-empty-icon{position:absolute;top:0;bottom:0;left:0;right:0;margin:auto;padding:0;width:22px;height:22px}<\/style>\t\t<div class=\"elementor-spacer\">\n\t\t\t<div class=\"elementor-spacer-inner\"><\/div>\n\t\t<\/div>\n\t\t\t\t<\/div>\n\t\t\t\t<\/div>\n\t\t\t\t\t<\/div>\n\t\t<\/div>\n\t\t\t\t\t<\/div>\n\t\t<\/section>\n\t\t\t\t<section class=\"elementor-section elementor-top-section elementor-element elementor-element-e378391 elementor-section-boxed elementor-section-height-default elementor-section-height-default\" data-id=\"e378391\" data-element_type=\"section\">\n\t\t\t\t\t\t<div class=\"elementor-container elementor-column-gap-default\">\n\t\t\t\t\t<div class=\"elementor-column elementor-col-100 elementor-top-column elementor-element elementor-element-7de815f\" data-id=\"7de815f\" data-element_type=\"column\">\n\t\t\t<div class=\"elementor-widget-wrap elementor-element-populated\">\n\t\t\t\t\t\t<div class=\"elementor-element elementor-element-ab18da3 elementor-widget elementor-widget-spacer\" data-id=\"ab18da3\" data-element_type=\"widget\" data-widget_type=\"spacer.default\">\n\t\t\t\t<div class=\"elementor-widget-container\">\n\t\t\t\t\t<div class=\"elementor-spacer\">\n\t\t\t<div class=\"elementor-spacer-inner\"><\/div>\n\t\t<\/div>\n\t\t\t\t<\/div>\n\t\t\t\t<\/div>\n\t\t\t\t\t<\/div>\n\t\t<\/div>\n\t\t\t\t\t<\/div>\n\t\t<\/section>\n\t\t\t\t<section class=\"elementor-section elementor-top-section elementor-element elementor-element-e8ad2b0 elementor-section-boxed elementor-section-height-default elementor-section-height-default\" data-id=\"e8ad2b0\" data-element_type=\"section\" data-settings=\"{&quot;background_background&quot;:&quot;classic&quot;}\">\n\t\t\t\t\t\t<div class=\"elementor-container elementor-column-gap-default\">\n\t\t\t\t\t<div class=\"elementor-column elementor-col-25 elementor-top-column elementor-element elementor-element-681070c\" data-id=\"681070c\" data-element_type=\"column\">\n\t\t\t<div class=\"elementor-widget-wrap elementor-element-populated\">\n\t\t\t\t\t\t<div class=\"elementor-element elementor-element-7d8bfc4 elementor-widget elementor-widget-heading\" data-id=\"7d8bfc4\" data-element_type=\"widget\" data-widget_type=\"heading.default\">\n\t\t\t\t<div class=\"elementor-widget-container\">\n\t\t\t<h2 class=\"elementor-heading-title elementor-size-default\"><a href=\"http:\/\/serviluna.com\/index.php\/parabrisas\/\">SUSTITUCI\u00d3N DE PARABRISAS<\/a><\/h2>\t\t<\/div>\n\t\t\t\t<\/div>\n\t\t\t\t<div class=\"elementor-element elementor-element-203a29c elementor-view-default elementor-widget elementor-widget-icon\" data-id=\"203a29c\" data-element_type=\"widget\" data-widget_type=\"icon.default\">\n\t\t\t\t<div class=\"elementor-widget-container\">\n\t\t\t\t\t<div class=\"elementor-icon-wrapper\">\n\t\t\t<a class=\"elementor-icon elementor-animation-bounce-in\" href=\"http:\/\/serviluna.com\/index.php\/parabrisas\/\">\n\t\t\t<svg xmlns=\"http:\/\/www.w3.org\/2000\/svg\" xmlns:xlink=\"http:\/\/www.w3.org\/1999\/xlink\" fill=\"#000000\" width=\"800px\" height=\"800px\" viewBox=\"0 0 64 64\" id=\"Layer_1_1_\" xml:space=\"preserve\"><g><path d=\"M7,37h4c1.103,0,2-0.897,2-2v-2c0-1.103-0.897-2-2-2H7c-1.103,0-2,0.897-2,2v2C5,36.103,5.897,37,7,37z M7,33h4l0.001,2H7   V33z\"><\/path><path d=\"M57,31h-4c-1.103,0-2,0.897-2,2v2c0,1.103,0.897,2,2,2h4c1.103,0,2-0.897,2-2v-2C59,31.897,58.103,31,57,31z M53,35v-2h4   l0.001,2H53z\"><\/path><path d=\"M63,25v-2c0-1.654-1.346-3-3-3h-5.496l-0.743-8.914C53.289,5.431,48.474,1,42.799,1H21.201   c-5.675,0-10.49,4.431-10.962,10.086L9.496,20H4c-1.654,0-3,1.346-3,3v2c0,1.439,1.019,2.642,2.373,2.932   C1.905,29.534,1,31.661,1,34v14c0,1.654,1.346,3,3,3h1v9c0,1.654,1.346,3,3,3h6c1.654,0,3-1.346,3-3v-9h30v9c0,1.654,1.346,3,3,3h6   c1.654,0,3-1.346,3-3v-9h1c1.654,0,3-1.346,3-3V34c0-2.339-0.905-4.466-2.373-6.068C61.981,27.642,63,26.439,63,25z M21.201,3   h21.598c4.644,0,8.583,3.625,8.969,8.252L52.913,25h-4.014l-1.118-13.415C47.567,9.014,45.379,7,42.799,7H21.201   c-2.58,0-4.768,2.014-4.982,4.585L15.101,25h-4.014l1.146-13.748C12.618,6.625,16.558,3,21.201,3z M46.6,31.448L47.883,43H45.87   l-1.259-11.331C44.443,30.147,43.161,29,41.63,29H22.37c-1.531,0-2.812,1.147-2.981,2.668L18.13,43h-2.013L17.4,31.448   C17.683,28.912,19.819,27,22.37,27h19.26C44.181,27,46.317,28.912,46.6,31.448z M40.816,43c-0.302-0.847-0.969-1.514-1.816-1.816   V31h2.63c0.51,0,0.938,0.382,0.994,0.89L43.859,43H40.816z M37,41h-2V31h2V41z M33,41h-2V31h2V41z M29,41h-2V31h2V41z M25,41.184   c-0.847,0.302-1.514,0.969-1.816,1.816h-3.043l1.235-11.111C21.433,31.382,21.86,31,22.37,31H25V41.184z M25,44   c0-0.551,0.449-1,1-1h12c0.551,0,1,0.449,1,1v5H25V44z M22.37,25h-5.262l1.105-13.249C18.34,10.208,19.653,9,21.201,9h21.598   c1.548,0,2.861,1.208,2.989,2.751L46.892,25H41.63H22.37z M3,25v-2c0-0.551,0.449-1,1-1h5.33l-0.254,3.047   C7.939,25.164,6.868,25.499,5.896,26H4C3.449,26,3,25.551,3,25z M10,27h7.478c-1.119,1.095-1.88,2.562-2.065,4.227L14.105,43   h-3.513c-1.483-2.482-4.136-4-7.064-4H3v-5C3,30.14,6.14,27,10,27z M3,48v-7h0.528c2.377,0,4.515,1.321,5.578,3.447L9.382,45H23v4   H4C3.449,49,3,48.551,3,48z M15,53h-2v2h2v2h-2v2h2v1c0,0.551-0.449,1-1,1H8c-0.551,0-1-0.449-1-1v-1h2v-2H7v-2h2v-2H7v-2h8V53z    M57,53h-2v2h2v2h-2v2h2v1c0,0.551-0.449,1-1,1h-6c-0.551,0-1-0.449-1-1v-1h2v-2h-2v-2h2v-2h-2v-2h8V53z M60,49H41v-4h13.618   l0.276-0.553c1.063-2.126,3.2-3.447,5.578-3.447H61v7C61,48.551,60.551,49,60,49z M61,39h-0.528c-2.928,0-5.581,1.518-7.064,4   h-3.513l-1.308-11.773c-0.185-1.665-0.946-3.132-2.065-4.227H54c3.86,0,7,3.14,7,7V39z M61,25c0,0.551-0.449,1-1,1h-1.896   c-0.972-0.501-2.043-0.836-3.18-0.953L54.67,22H60c0.551,0,1,0.449,1,1V25z\"><\/path><rect height=\"2\" transform=\"matrix(0.5547 -0.8321 0.8321 0.5547 -3.4577 27.5393)\" width=\"14.422\" x=\"16.789\" y=\"16\"><\/rect><rect height=\"2\" transform=\"matrix(0.5547 -0.8321 0.8321 0.5547 0.1047 34.1957)\" width=\"14.422\" x=\"24.789\" y=\"16\"><\/rect><rect height=\"2\" transform=\"matrix(0.5547 -0.8321 0.8321 0.5547 3.6671 40.8521)\" width=\"14.422\" x=\"32.789\" y=\"16\"><\/rect><rect height=\"2\" width=\"2\" x=\"27\" y=\"45\"><\/rect><rect height=\"2\" width=\"6\" x=\"31\" y=\"45\"><\/rect><\/g><\/svg>\t\t\t<\/a>\n\t\t<\/div>\n\t\t\t\t<\/div>\n\t\t\t\t<\/div>\n\t\t\t\t\t<\/div>\n\t\t<\/div>\n\t\t\t\t<div class=\"elementor-column elementor-col-25 elementor-top-column elementor-element elementor-element-afbc2d0\" data-id=\"afbc2d0\" data-element_type=\"column\">\n\t\t\t<div class=\"elementor-widget-wrap elementor-element-populated\">\n\t\t\t\t\t\t<div class=\"elementor-element elementor-element-a678a23 elementor-widget elementor-widget-heading\" data-id=\"a678a23\" data-element_type=\"widget\" data-widget_type=\"heading.default\">\n\t\t\t\t<div class=\"elementor-widget-container\">\n\t\t\t<h2 class=\"elementor-heading-title elementor-size-default\"><a href=\"http:\/\/serviluna.com\/index.php\/cristales-laterales\/\">CRISTALES LATERALES<\/a><\/h2>\t\t<\/div>\n\t\t\t\t<\/div>\n\t\t\t\t<div class=\"elementor-element elementor-element-dcda39a elementor-view-default elementor-widget elementor-widget-icon\" data-id=\"dcda39a\" data-element_type=\"widget\" data-widget_type=\"icon.default\">\n\t\t\t\t<div class=\"elementor-widget-container\">\n\t\t\t\t\t<div class=\"elementor-icon-wrapper\">\n\t\t\t<a class=\"elementor-icon elementor-animation-bounce-in\" href=\"http:\/\/serviluna.com\/index.php\/cristales-laterales\/\">\n\t\t\t<svg xmlns=\"http:\/\/www.w3.org\/2000\/svg\" xmlns:xlink=\"http:\/\/www.w3.org\/1999\/xlink\" fill=\"#000000\" width=\"800px\" height=\"800px\" viewBox=\"0 0 64 64\" id=\"Layer_1_1_\" xml:space=\"preserve\"><g><path d=\"M60,4H34.868C28.38,4,22.15,7.074,18.203,12.223L5.334,29.007C2.539,32.653,1,37.19,1,41.785V57c0,1.654,1.346,3,3,3h56   c1.654,0,3-1.346,3-3V7C63,5.346,61.654,4,60,4z M6.921,30.224L19.79,13.44C23.361,8.781,28.998,6,34.868,6H60c0.551,0,1,0.449,1,1   v41H3v-6.215C3,37.628,4.393,33.522,6.921,30.224z M60,58H4c-0.551,0-1-0.449-1-1v-3h4v-2H3v-2h58v2H8v2h53v3   C61,57.551,60.551,58,60,58z\"><\/path><path d=\"M57,38h-8c-1.103,0-2,0.897-2,2v2c0,1.103,0.897,2,2,2h8c1.103,0,2-0.897,2-2v-2C59,38.897,58.103,38,57,38z M49,40h4v2h-4   V40z M57,42h-2v-2h2V42z\"><\/path><path d=\"M13,36h6h40V8H34.917c-5.285,0-10.347,2.513-13.541,6.723L12.801,26.02C11.241,26.125,10,27.414,10,29v4   C10,34.654,11.346,36,13,36z M22.968,15.932C25.787,12.217,30.254,10,34.917,10H57v24H22.974C23.609,33.162,24,32.13,24,31v-5   h-8.673L22.968,15.932z M12,29c0-0.551,0.449-1,1-1h9v3c0,1.654-1.346,3-3,3h-6c-0.551,0-1-0.449-1-1V29z\"><\/path><\/g><\/svg>\t\t\t<\/a>\n\t\t<\/div>\n\t\t\t\t<\/div>\n\t\t\t\t<\/div>\n\t\t\t\t\t<\/div>\n\t\t<\/div>\n\t\t\t\t<div class=\"elementor-column elementor-col-25 elementor-top-column elementor-element elementor-element-86792ee\" data-id=\"86792ee\" data-element_type=\"column\">\n\t\t\t<div class=\"elementor-widget-wrap elementor-element-populated\">\n\t\t\t\t\t\t<div class=\"elementor-element elementor-element-90ab492 elementor-widget elementor-widget-heading\" data-id=\"90ab492\" data-element_type=\"widget\" data-widget_type=\"heading.default\">\n\t\t\t\t<div class=\"elementor-widget-container\">\n\t\t\t<h2 class=\"elementor-heading-title elementor-size-default\"><a href=\"http:\/\/serviluna.com\/index.php\/lunetas-termicas\/\">LUNETAS T\u00c9RMICAS<\/a><\/h2>\t\t<\/div>\n\t\t\t\t<\/div>\n\t\t\t\t<div class=\"elementor-element elementor-element-cea3783 elementor-view-default elementor-widget elementor-widget-icon\" data-id=\"cea3783\" data-element_type=\"widget\" data-widget_type=\"icon.default\">\n\t\t\t\t<div class=\"elementor-widget-container\">\n\t\t\t\t\t<div class=\"elementor-icon-wrapper\">\n\t\t\t<a class=\"elementor-icon elementor-animation-bounce-in\" href=\"http:\/\/serviluna.com\/index.php\/lunetas-termicas\/\">\n\t\t\t<svg xmlns=\"http:\/\/www.w3.org\/2000\/svg\" xmlns:xlink=\"http:\/\/www.w3.org\/1999\/xlink\" fill=\"#000000\" width=\"800px\" height=\"800px\" viewBox=\"0 0 64 64\" id=\"Layer_1_1_\" xml:space=\"preserve\"><g><path d=\"M59.451,18H60c1.654,0,3-1.346,3-3c0-2.757-2.243-5-5-5h-0.756l-0.66-2.394C55.511,3.717,51.943,1,47.908,1H16.092   c-4.035,0-7.603,2.717-8.676,6.606L6.756,10H6c-2.757,0-5,2.243-5,5c0,1.654,1.346,3,3,3h0.549L1.252,29.951   C1.085,30.556,1,31.183,1,31.812V46c0,2.414,1.721,4.434,4,4.899V60c0,1.654,1.346,3,3,3h6c1.654,0,3-1.346,3-3v-7.093   C18.479,54.229,20.401,55,22.472,55h19.057c2.07,0,3.993-0.771,5.472-2.093V60c0,1.654,1.346,3,3,3h6c1.654,0,3-1.346,3-3v-9.101   c2.279-0.465,4-2.484,4-4.899V31.812c0-0.63-0.085-1.256-0.252-1.862L59.451,18z M58,12c1.654,0,3,1.346,3,3c0,0.551-0.448,1-1,1   h-1.101l-1.103-4H58z M29,7v4h1.382l-2.915,5.83l-2.971-1.698l-0.992,1.736l7,4l0.992-1.736l-2.29-1.308L32.618,11H35V7h12.877   c1.379,0,2.576,0.935,2.911,2.272l3,12c0.226,0.903,0.026,1.841-0.547,2.575C52.669,24.58,51.808,25,50.877,25H13.123   c-0.931,0-1.792-0.42-2.364-1.153c-0.573-0.733-0.772-1.672-0.547-2.574l3-12C13.547,7.935,14.744,7,16.123,7H29z M31,9V7h2v2H31z    M27,5V3h10v2H27z M16.092,3H25v2h-8.877c-2.299,0-4.293,1.557-4.851,3.787l-3,12c-0.376,1.504-0.045,3.068,0.909,4.29   C10.136,26.299,11.572,27,13.123,27h37.754c1.551,0,2.987-0.701,3.941-1.923c0.954-1.222,1.285-2.785,0.909-4.29l-3-12   C52.17,6.557,50.176,5,47.877,5H39V3h8.908c3.139,0,5.913,2.113,6.748,5.139l5.117,18.549L52.838,29H11.162l-6.936-2.312   L9.344,8.139C10.179,5.113,12.953,3,16.092,3z M11.895,37.697c0.114,0.458,0.284,0.889,0.48,1.303H9   c-0.235,0-0.447-0.131-0.553-0.342l-1.382-2.764C7.022,35.809,7,35.713,7,35.618C7,35.277,7.277,35,7.618,35h3.602L11.895,37.697z    M13.834,37.212L12.28,31h11.821c0.465,2.279,2.484,4,4.899,4h6c2.414,0,4.434-1.721,4.899-4H51.72l-1.554,6.213   C49.608,39.443,47.614,41,45.315,41H18.685C16.386,41,14.392,39.443,13.834,37.212z M26.184,31h11.631   c-0.414,1.161-1.514,2-2.816,2h-6C27.698,33,26.598,32.161,26.184,31z M52.78,35h3.602C56.723,35,57,35.277,57,35.618   c0,0.095-0.022,0.191-0.065,0.276l-1.382,2.763C55.447,38.869,55.235,39,55,39h-3.375c0.196-0.414,0.366-0.844,0.48-1.302L52.78,35   z M4,16c-0.552,0-1-0.449-1-1c0-1.654,1.346-3,3-3h0.204l-1.103,4H4z M14,61H8c-0.552,0-1-0.449-1-1v-1h6v-2H7v-6h8v2H9v2h6v5   C15,60.551,14.552,61,14,61z M22.472,53c-1.777,0-3.419-0.739-4.58-2h28.216c-1.16,1.261-2.803,2-4.58,2H22.472z M40,49H24v-2h16   V49z M56,61h-6c-0.552,0-1-0.449-1-1v-1h6v-2h-6v-6h8v2h-6v2h6v5C57,60.551,56.552,61,56,61z M61,46c0,1.654-1.346,3-3,3H42v-4H22   v4H6c-1.654,0-3-1.346-3-3V31.812c0-0.45,0.061-0.897,0.18-1.33l0.514-1.864l6.47,2.156L10.72,33H7.618C6.175,33,5,34.174,5,35.618   c0,0.404,0.096,0.809,0.276,1.171l1.382,2.764C7.105,40.445,8.002,41,9,41h4.811c1.273,1.241,2.993,2,4.873,2h26.631   c1.88,0,3.601-0.759,4.874-2H55c0.998,0,1.895-0.555,2.342-1.447l1.382-2.764C58.904,36.427,59,36.022,59,35.618   C59,34.174,57.825,33,56.382,33H53.28l0.556-2.225l6.47-2.156l0.514,1.864c0.119,0.432,0.18,0.879,0.18,1.33V46z\"><\/path><path d=\"M8,42c-1.654,0-3,1.346-3,3s1.346,3,3,3s3-1.346,3-3S9.654,42,8,42z M8,46c-0.552,0-1-0.449-1-1s0.448-1,1-1s1,0.449,1,1   S8.552,46,8,46z\"><\/path><path d=\"M56,42c-1.654,0-3,1.346-3,3s1.346,3,3,3s3-1.346,3-3S57.654,42,56,42z M56,46c-0.552,0-1-0.449-1-1s0.448-1,1-1   s1,0.449,1,1S56.552,46,56,46z\"><\/path><\/g><\/svg>\t\t\t<\/a>\n\t\t<\/div>\n\t\t\t\t<\/div>\n\t\t\t\t<\/div>\n\t\t\t\t\t<\/div>\n\t\t<\/div>\n\t\t\t\t<div class=\"elementor-column elementor-col-25 elementor-top-column elementor-element elementor-element-ef1e025\" data-id=\"ef1e025\" data-element_type=\"column\">\n\t\t\t<div class=\"elementor-widget-wrap elementor-element-populated\">\n\t\t\t\t\t\t<div class=\"elementor-element elementor-element-2d48217 elementor-widget elementor-widget-heading\" data-id=\"2d48217\" data-element_type=\"widget\" data-widget_type=\"heading.default\">\n\t\t\t\t<div class=\"elementor-widget-container\">\n\t\t\t<h2 class=\"elementor-heading-title elementor-size-default\"><a href=\"http:\/\/serviluna.com\/index.php\/sistema-adas\/\">CALIBRACION SISTEMA ADAS<\/a><\/h2>\t\t<\/div>\n\t\t\t\t<\/div>\n\t\t\t\t<div class=\"elementor-element elementor-element-cd01026 elementor-view-default elementor-widget elementor-widget-icon\" data-id=\"cd01026\" data-element_type=\"widget\" data-widget_type=\"icon.default\">\n\t\t\t\t<div class=\"elementor-widget-container\">\n\t\t\t\t\t<div class=\"elementor-icon-wrapper\">\n\t\t\t<a class=\"elementor-icon elementor-animation-bounce-in\" href=\"http:\/\/serviluna.com\/index.php\/sistema-adas\/\">\n\t\t\t<svg xmlns=\"http:\/\/www.w3.org\/2000\/svg\" xmlns:xlink=\"http:\/\/www.w3.org\/1999\/xlink\" fill=\"#000000\" width=\"800px\" height=\"800px\" viewBox=\"0 0 64 64\" id=\"Layer_1_1_\" xml:space=\"preserve\"><g><path d=\"M32,1C14.906,1,1,14.907,1,32s13.906,31,31,31s31-13.907,31-31S49.094,1,32,1z M32,61C16.01,61,3,47.991,3,32S16.01,3,32,3   s29,13.009,29,29S47.99,61,32,61z\"><\/path><path d=\"M25.384,40h13.232l2.331-10.038C40.981,29.77,41,29.57,41,29.369C41,27.511,39.488,26,37.631,26H26.369   C24.512,26,23,27.511,23,29.369c0,0.201,0.019,0.401,0.063,0.641L25.384,40z M26.369,28h11.262C38.386,28,39,28.614,39,29.369   c0,0.08-0.007,0.16-0.011,0.189L37.028,38H26.972l-1.95-8.394C25.007,29.529,25,29.449,25,29.369C25,28.614,25.614,28,26.369,28z\"><\/path><path d=\"M51,29h-2c-1.103,0-2,0.897-2,2v2c0,1.103,0.897,2,2,2h2c1.103,0,2-0.897,2-2v-2C53,29.897,52.103,29,51,29z M49,33v-2h2   l0.001,2H49z\"><\/path><rect height=\"2\" width=\"2\" x=\"13\" y=\"29\"><\/rect><rect height=\"2\" width=\"2\" x=\"13\" y=\"33\"><\/rect><rect height=\"2\" width=\"2\" x=\"15\" y=\"31\"><\/rect><rect height=\"2\" width=\"2\" x=\"11\" y=\"31\"><\/rect><path d=\"M32,36c1.654,0,3-1.346,3-3s-1.346-3-3-3s-3,1.346-3,3S30.346,36,32,36z M32,32c0.552,0,1,0.449,1,1s-0.448,1-1,1   s-1-0.449-1-1S31.448,32,32,32z\"><\/path><path d=\"M32,7c-6.292,0-12.306,2.349-16.934,6.613l1.355,1.471C20.679,11.161,26.211,9,32,9c10.242,0,18.939,6.731,21.907,16   H43.551c-1.344-1.816-3.494-3-5.921-3H26.369c-2.427,0-4.577,1.184-5.921,3H10.11c1.009-3.157,2.68-6.089,4.973-8.578l-1.471-1.355   C9.349,19.695,7,25.708,7,32c0,13.785,11.215,25,25,25c6.292,0,12.306-2.349,16.934-6.613l-1.355-1.471   c-2.96,2.727-6.542,4.579-10.392,5.469l0.425-3.821C38.343,43.972,43.897,39,50.53,39h3.36c-1.009,3.157-2.68,6.089-4.973,8.578   l1.471,1.355C54.651,44.305,57,38.292,57,32C57,18.215,45.785,7,32,7z M26.369,24h11.262C40.592,24,43,26.409,43,29.369   c0,0.355-0.035,0.708-0.098,1.023l-2.157,9.287C40.428,41.045,39.226,42,37.822,42H26.178c-1.403,0-2.605-0.955-2.923-2.321   l-2.15-9.258C21.035,30.078,21,29.724,21,29.369C21,26.409,23.408,24,26.369,24z M19.398,27C19.144,27.745,19,28.54,19,29.369   c0,0.487,0.049,0.974,0.15,1.476l1.91,8.224C18.826,37.756,16.232,37,13.47,37H9.554C9.195,35.389,9,33.717,9,32   c0-1.699,0.208-3.371,0.57-5H19.398z M10.093,39h3.377c6.633,0,12.188,4.972,12.92,11.564l0.427,3.839   C18.905,52.574,12.545,46.656,10.093,39z M35.622,50.344l-0.491,4.419C34.098,54.904,33.056,55,32,55   c-1.062,0-2.105-0.078-3.129-0.218l-0.493-4.438c-0.259-2.328-1.044-4.478-2.221-6.346c0.007,0,0.014,0.002,0.021,0.002h11.645   c0.007,0,0.014-0.002,0.021-0.002C36.666,45.865,35.881,48.015,35.622,50.344z M50.53,37c-2.762,0-5.356,0.756-7.591,2.068   l1.917-8.252C44.951,30.343,45,29.856,45,29.369c0-0.83-0.144-1.624-0.398-2.369h9.844C54.805,28.611,55,30.283,55,32   c0,1.699-0.208,3.371-0.57,5H50.53z\"><\/path><\/g><\/svg>\t\t\t<\/a>\n\t\t<\/div>\n\t\t\t\t<\/div>\n\t\t\t\t<\/div>\n\t\t\t\t\t<\/div>\n\t\t<\/div>\n\t\t\t\t\t<\/div>\n\t\t<\/section>\n\t\t\t\t<section class=\"elementor-section elementor-top-section elementor-element elementor-element-9b30da0 elementor-section-boxed elementor-section-height-default elementor-section-height-default\" data-id=\"9b30da0\" data-element_type=\"section\">\n\t\t\t\t\t\t<div class=\"elementor-container elementor-column-gap-default\">\n\t\t\t\t\t<div class=\"elementor-column elementor-col-100 elementor-top-column elementor-element elementor-element-bf57ec2\" data-id=\"bf57ec2\" data-element_type=\"column\">\n\t\t\t<div class=\"elementor-widget-wrap elementor-element-populated\">\n\t\t\t\t\t\t<div class=\"elementor-element elementor-element-1a12cda elementor-widget elementor-widget-spacer\" data-id=\"1a12cda\" data-element_type=\"widget\" data-widget_type=\"spacer.default\">\n\t\t\t\t<div class=\"elementor-widget-container\">\n\t\t\t\t\t<div class=\"elementor-spacer\">\n\t\t\t<div class=\"elementor-spacer-inner\"><\/div>\n\t\t<\/div>\n\t\t\t\t<\/div>\n\t\t\t\t<\/div>\n\t\t\t\t\t<\/div>\n\t\t<\/div>\n\t\t\t\t\t<\/div>\n\t\t<\/section>\n\t\t\t\t<\/div>\n\t\t","protected":false},"excerpt":{"rendered":"<p>Sustituci\u00f3n de lunas SUSTITUCI\u00d3N DE PARABRISAS CRISTALES LATERALES LUNETAS T\u00c9RMICAS CALIBRACION SISTEMA ADAS<\/p>\n","protected":false},"author":1,"featured_media":0,"parent":0,"menu_order":0,"comment_status":"closed","ping_status":"closed","template":"elementor_header_footer","meta":{"om_disable_all_campaigns":false,"inline_featured_image":false,"_monsterinsights_skip_tracking":false,"_monsterinsights_sitenote_active":false,"_monsterinsights_sitenote_note":"","_monsterinsights_sitenote_category":0,"footnotes":""},"aioseo_notices":[],"_links":{"self":[{"href":"https:\/\/serviluna.com\/index.php\/wp-json\/wp\/v2\/pages\/15"}],"collection":[{"href":"https:\/\/serviluna.com\/index.php\/wp-json\/wp\/v2\/pages"}],"about":[{"href":"https:\/\/serviluna.com\/index.php\/wp-json\/wp\/v2\/types\/page"}],"author":[{"embeddable":true,"href":"https:\/\/serviluna.com\/index.php\/wp-json\/wp\/v2\/users\/1"}],"replies":[{"embeddable":true,"href":"https:\/\/serviluna.com\/index.php\/wp-json\/wp\/v2\/comments?post=15"}],"version-history":[{"count":0,"href":"https:\/\/serviluna.com\/index.php\/wp-json\/wp\/v2\/pages\/15\/revisions"}],"wp:attachment":[{"href":"https:\/\/serviluna.com\/index.php\/wp-json\/wp\/v2\/media?parent=15"}],"curies":[{"name":"wp","href":"https:\/\/api.w.org\/{rel}","templated":true}]}}